{"id":29,"date":"2025-08-18T10:23:36","date_gmt":"2025-08-18T08:23:36","guid":{"rendered":"https:\/\/bc.hirello.fr\/?page_id=29"},"modified":"2026-04-23T11:04:39","modified_gmt":"2026-04-23T09:04:39","slug":"mentions-legales","status":"publish","type":"page","link":"https:\/\/www.bouchie-chatellier.fr\/en\/mentions-legales\/","title":{"rendered":"Mentions l\u00e9gales"},"content":{"rendered":"<div data-elementor-type=\"wp-page\" data-elementor-id=\"29\" class=\"elementor elementor-29\" data-elementor-post-type=\"page\">\n\t\t\t\t<div class=\"elementor-element elementor-element-70755c7 e-con-full e-flex e-con e-parent\" data-id=\"70755c7\" data-element_type=\"container\" data-settings=\"{&quot;background_background&quot;:&quot;classic&quot;,&quot;jet_parallax_layout_list&quot;:[]}\">\n\t\t\t\t<\/div>\n\t\t<div class=\"elementor-element elementor-element-e711853 e-flex e-con-boxed e-con e-parent\" data-id=\"e711853\" data-element_type=\"container\" data-settings=\"{&quot;background_background&quot;:&quot;classic&quot;,&quot;jet_parallax_layout_list&quot;:[]}\">\n\t\t\t\t\t<div class=\"e-con-inner\">\n\t\t\t\t<div class=\"elementor-element elementor-element-ad9c5da elementor-widget elementor-widget-text-editor\" data-id=\"ad9c5da\" data-element_type=\"widget\" data-widget_type=\"text-editor.default\">\n\t\t\t\t\t\t\t\t\t<h1>. Mentions L\u00e9gales .<\/h1>\nConform\u00e9ment aux dispositions des articles 6-III et 19 de la Loi n\u00b0 2004-575 du 21 juin 2004 pour la Confiance dans l\u2019\u00e9conomie num\u00e9rique, dite L.C.E.N., nous portons \u00e0 la connaissance des utilisateurs et visiteurs du site : www.bouchie-chatellier.fr les informations suivantes :\n<h2><strong>\u00c9DITEUR<\/strong><\/h2>\nLe site www.bouchie-chatellier.fr est la propri\u00e9t\u00e9 exclusive de la SCEA BOUCHIE-CHATELLIER, qui l\u2019\u00e9dite.\n\nSoci\u00e9t\u00e9 immatricul\u00e9e au Registre du Commerce et des Soci\u00e9t\u00e9s de NEVERS sous le num\u00e9ro de Siret n\u00b041218292500013.\n\nNum\u00e9ro de TVA Intracommunautaire : FR62412182925.\n\nSCEA BOUCHIE-CHATELLIER au capital de 418 277,00 \u20ac\u20ac.\n\nAdresse de courrier \u00e9lectronique : pouilly.fume.bouchie.chatellier@wanadoo.fr\n\nAdresse postale : LA RENARDIERE, 58150 ST ANDELAIN\n<h2>H\u00c9BERGEMENT<\/h2>\nLe site est h\u00e9berg\u00e9 par O2SWITCH \u2013 CHE DES PARDIAUX 63000 CLERMONT FERRAND.\nLa <a href=\"https:\/\/www.hirello.fr\">cr\u00e9ation du site internet<\/a> a \u00e9t\u00e9 r\u00e9alis\u00e9e par la soci\u00e9t\u00e9 : <a href=\"https:\/\/www.hirello.fr\/agence-web-a-vannes\/\">Hirello \u2013 Cr\u00e9ation site internet \u00e0 Vannes<\/a>.\n<br><br>\n<p >Strat\u00e9gie marketing, Direction artistique &amp; Web Design : Jacky Le Faucheur<\/p>\n<h2>DESCRIPTION DES SERVICES FOURNIS<\/h2>\nLe site www.bouchie-chatellier.fr\u00a0a pour objet de fournir une information concernant l\u2019ensemble des activit\u00e9s de la soci\u00e9t\u00e9. Le propri\u00e9taire du site s\u2019efforce de fournir sur le site www.bouchie-chatellier.fr des informations aussi pr\u00e9cises que possible. Toutefois, il ne pourra \u00eatre tenue responsable des omissions, des inexactitudes et des carences dans la mise \u00e0 jour, qu\u2019elles soient de son fait ou du fait des tiers partenaires qui lui fournissent ces informations. Toutes les informations propos\u00e9es sur le site www.bouchie-chatellier.fr sont donn\u00e9es \u00e0 titre indicatif, sont non exhaustives, et sont susceptibles d\u2019\u00e9voluer. Elles sont donn\u00e9es sous r\u00e9serve de modifications ayant \u00e9t\u00e9 apport\u00e9es depuis leur mise en ligne.\n<h2>PROPRI\u00c9T\u00c9 INTELLECTUELLE ET CONTREFA\u00c7ONS<\/h2>\nLe propri\u00e9taire du site est propri\u00e9taire des droits de propri\u00e9t\u00e9 intellectuelle ou d\u00e9tient les droits d\u2019usage sur tous les \u00e9l\u00e9ments accessibles sur le site, notamment les textes, images, graphismes, logo, ic\u00f4nes, sons, logiciels\u2026 Toute reproduction, repr\u00e9sentation, modification, publication, adaptation totale ou partielle des \u00e9l\u00e9ments du site, quel que soit le moyen ou le proc\u00e9d\u00e9 utilis\u00e9, est interdite, sauf autorisation \u00e9crite pr\u00e9alable \u00e0 l\u2019email pouilly.fume.bouchie.chatellier@wanadoo.fr. Toute exploitation non autoris\u00e9e du site ou de l\u2019un quelconque de ces \u00e9l\u00e9ments qu\u2019il contient sera consid\u00e9r\u00e9e comme constitutive d\u2019une contrefa\u00e7on et poursuivie conform\u00e9ment aux dispositions des articles L.335-2 et suivants du Code de Propri\u00e9t\u00e9 Intellectuelle.\n<h2>LIENS HYPERTEXTES ET COOKIES<\/h2>\nLe site www.bouchie-chatellier.fr contient un certain nombre de liens hypertextes vers d\u2019autres sites (partenaires, informations \u2026) mis en place avec l\u2019autorisation de le propri\u00e9taire du site . Cependant, le propri\u00e9taire du site n\u2019a pas la possibilit\u00e9 de v\u00e9rifier le contenu des sites ainsi visit\u00e9s et d\u00e9cline donc toute responsabilit\u00e9 de ce fait quant aux risques \u00e9ventuels de contenus illicites. L\u2019utilisateur est inform\u00e9 que lors de ses visites sur le site www.bouchie-chatellier.fr, un ou des cookies sont susceptibles de s\u2019installer automatiquement sur son ordinateur. Un cookie est un fichier de petite taille, qui ne permet pas l\u2019identification de l\u2019utilisateur, mais qui enregistre des informations relatives \u00e0 la navigation d\u2019un ordinateur sur un site. Les donn\u00e9es ainsi obtenues visent \u00e0 faciliter la navigation ult\u00e9rieure sur le site, et ont \u00e9galement vocation \u00e0 permettre diverses mesures de fr\u00e9quentation. Le param\u00e9trage du logiciel de navigation permet d\u2019informer de la pr\u00e9sence de cookie et \u00e9ventuellement, de refuser de la mani\u00e8re d\u00e9crite \u00e0 l\u2019adresse suivante : www.cnil.fr Le refus d\u2019installation d\u2019un cookie peut entra\u00eener l\u2019impossibilit\u00e9 d\u2019acc\u00e9der \u00e0 certains services. L\u2019utilisateur peut toutefois configurer son ordinateur de la mani\u00e8re suivante, pour refuser l\u2019installation des cookies : Sous Internet Explorer : onglet outil \/ options internet. Cliquez sur Confidentialit\u00e9 et choisissez Bloquer tous les cookies. Validez sur Ok. Sous Netscape : onglet \u00e9dition \/ pr\u00e9f\u00e9rences. Cliquez sur Avanc\u00e9es et choisissez D\u00e9sactiver les cookies. Validez sur Ok.\t\t\t\t\t\t\t\t<\/div>\n\t\t\t\t\t<\/div>\n\t\t\t\t<\/div>\n\t\t\t\t<\/div>","protected":false},"excerpt":{"rendered":"<p>. Mentions L\u00e9gales . Conform\u00e9ment aux dispositions des articles 6-III et 19 de la Loi n\u00b0 2004-575 du 21 juin 2004 pour la Confiance dans l\u2019\u00e9conomie num\u00e9rique, dite L.C.E.N., nous portons \u00e0 la connaissance des utilisateurs et visiteurs du site : www.bouchie-chatellier.fr les informations suivantes : \u00c9DITEUR Le site www.bouchie-chatellier.fr est la propri\u00e9t\u00e9 exclusive de [&hellip;]<\/p>\n","protected":false},"author":1,"featured_media":0,"parent":0,"menu_order":5,"comment_status":"closed","ping_status":"closed","template":"","meta":{"footnotes":""},"class_list":["post-29","page","type-page","status-publish","hentry"],"yoast_head":"<!-- This site is optimized with the Yoast SEO plugin v25.7 - https:\/\/yoast.com\/wordpress\/plugins\/seo\/ -->\n<title>Mentions l\u00e9gales - BOUCHI\u00c9-CHATELLIER<\/title>\n<meta name=\"robots\" content=\"noindex, follow\" \/>\n<meta property=\"og:locale\" content=\"en_GB\" \/>\n<meta property=\"og:type\" content=\"article\" \/>\n<meta property=\"og:title\" content=\"Mentions l\u00e9gales - BOUCHI\u00c9-CHATELLIER\" \/>\n<meta property=\"og:description\" content=\". Mentions L\u00e9gales . Conform\u00e9ment aux dispositions des articles 6-III et 19 de la Loi n\u00b0 2004-575 du 21 juin 2004 pour la Confiance dans l\u2019\u00e9conomie num\u00e9rique, dite L.C.E.N., nous portons \u00e0 la connaissance des utilisateurs et visiteurs du site : www.bouchie-chatellier.fr les informations suivantes : \u00c9DITEUR Le site www.bouchie-chatellier.fr est la propri\u00e9t\u00e9 exclusive de [&hellip;]\" \/>\n<meta property=\"og:url\" content=\"https:\/\/www.bouchie-chatellier.fr\/en\/mentions-legales\/\" \/>\n<meta property=\"og:site_name\" content=\"BOUCHI\u00c9-CHATELLIER\" \/>\n<meta property=\"article:modified_time\" content=\"2026-04-23T09:04:39+00:00\" \/>\n<meta name=\"twitter:card\" content=\"summary_large_image\" \/>\n<meta name=\"twitter:label1\" content=\"Estimated reading time\" \/>\n\t<meta name=\"twitter:data1\" content=\"3 minutes\" \/>\n<script type=\"application\/ld+json\" class=\"yoast-schema-graph\">{\"@context\":\"https:\/\/schema.org\",\"@graph\":[{\"@type\":\"WebPage\",\"@id\":\"https:\/\/www.bouchie-chatellier.fr\/mentions-legales\/\",\"url\":\"https:\/\/www.bouchie-chatellier.fr\/mentions-legales\/\",\"name\":\"Mentions l\u00e9gales - BOUCHI\u00c9-CHATELLIER\",\"isPartOf\":{\"@id\":\"https:\/\/www.bouchie-chatellier.fr\/#website\"},\"datePublished\":\"2025-08-18T08:23:36+00:00\",\"dateModified\":\"2026-04-23T09:04:39+00:00\",\"breadcrumb\":{\"@id\":\"https:\/\/www.bouchie-chatellier.fr\/mentions-legales\/#breadcrumb\"},\"inLanguage\":\"en-GB\",\"potentialAction\":[{\"@type\":\"ReadAction\",\"target\":[\"https:\/\/www.bouchie-chatellier.fr\/mentions-legales\/\"]}]},{\"@type\":\"BreadcrumbList\",\"@id\":\"https:\/\/www.bouchie-chatellier.fr\/mentions-legales\/#breadcrumb\",\"itemListElement\":[{\"@type\":\"ListItem\",\"position\":1,\"name\":\"Accueil\",\"item\":\"https:\/\/www.bouchie-chatellier.fr\/\"},{\"@type\":\"ListItem\",\"position\":2,\"name\":\"Mentions l\u00e9gales\"}]},{\"@type\":\"WebSite\",\"@id\":\"https:\/\/www.bouchie-chatellier.fr\/#website\",\"url\":\"https:\/\/www.bouchie-chatellier.fr\/\",\"name\":\"BOUCHI\u00c9-CHATELLIER\",\"description\":\"\",\"publisher\":{\"@id\":\"https:\/\/www.bouchie-chatellier.fr\/#organization\"},\"potentialAction\":[{\"@type\":\"SearchAction\",\"target\":{\"@type\":\"EntryPoint\",\"urlTemplate\":\"https:\/\/www.bouchie-chatellier.fr\/?s={search_term_string}\"},\"query-input\":{\"@type\":\"PropertyValueSpecification\",\"valueRequired\":true,\"valueName\":\"search_term_string\"}}],\"inLanguage\":\"en-GB\"},{\"@type\":\"Organization\",\"@id\":\"https:\/\/www.bouchie-chatellier.fr\/#organization\",\"name\":\"BOUCHI\u00c9-CHATELLIER\",\"url\":\"https:\/\/www.bouchie-chatellier.fr\/\",\"logo\":{\"@type\":\"ImageObject\",\"inLanguage\":\"en-GB\",\"@id\":\"https:\/\/www.bouchie-chatellier.fr\/#\/schema\/logo\/image\/\",\"url\":\"https:\/\/www.bouchie-chatellier.fr\/wp-content\/uploads\/2025\/07\/LOGO-BOUCHIE-CHATELLIER.png\",\"contentUrl\":\"https:\/\/www.bouchie-chatellier.fr\/wp-content\/uploads\/2025\/07\/LOGO-BOUCHIE-CHATELLIER.png\",\"width\":469,\"height\":59,\"caption\":\"BOUCHI\u00c9-CHATELLIER\"},\"image\":{\"@id\":\"https:\/\/www.bouchie-chatellier.fr\/#\/schema\/logo\/image\/\"}}]}<\/script>\n<!-- \/ Yoast SEO plugin. -->","yoast_head_json":{"title":"Mentions l\u00e9gales - BOUCHI\u00c9-CHATELLIER","robots":{"index":"noindex","follow":"follow"},"og_locale":"en_GB","og_type":"article","og_title":"Mentions l\u00e9gales - BOUCHI\u00c9-CHATELLIER","og_description":". Mentions L\u00e9gales . Conform\u00e9ment aux dispositions des articles 6-III et 19 de la Loi n\u00b0 2004-575 du 21 juin 2004 pour la Confiance dans l\u2019\u00e9conomie num\u00e9rique, dite L.C.E.N., nous portons \u00e0 la connaissance des utilisateurs et visiteurs du site : www.bouchie-chatellier.fr les informations suivantes : \u00c9DITEUR Le site www.bouchie-chatellier.fr est la propri\u00e9t\u00e9 exclusive de [&hellip;]","og_url":"https:\/\/www.bouchie-chatellier.fr\/en\/mentions-legales\/","og_site_name":"BOUCHI\u00c9-CHATELLIER","article_modified_time":"2026-04-23T09:04:39+00:00","twitter_card":"summary_large_image","twitter_misc":{"Estimated reading time":"3 minutes"},"schema":{"@context":"https:\/\/schema.org","@graph":[{"@type":"WebPage","@id":"https:\/\/www.bouchie-chatellier.fr\/mentions-legales\/","url":"https:\/\/www.bouchie-chatellier.fr\/mentions-legales\/","name":"Mentions l\u00e9gales - BOUCHI\u00c9-CHATELLIER","isPartOf":{"@id":"https:\/\/www.bouchie-chatellier.fr\/#website"},"datePublished":"2025-08-18T08:23:36+00:00","dateModified":"2026-04-23T09:04:39+00:00","breadcrumb":{"@id":"https:\/\/www.bouchie-chatellier.fr\/mentions-legales\/#breadcrumb"},"inLanguage":"en-GB","potentialAction":[{"@type":"ReadAction","target":["https:\/\/www.bouchie-chatellier.fr\/mentions-legales\/"]}]},{"@type":"BreadcrumbList","@id":"https:\/\/www.bouchie-chatellier.fr\/mentions-legales\/#breadcrumb","itemListElement":[{"@type":"ListItem","position":1,"name":"Accueil","item":"https:\/\/www.bouchie-chatellier.fr\/"},{"@type":"ListItem","position":2,"name":"Mentions l\u00e9gales"}]},{"@type":"WebSite","@id":"https:\/\/www.bouchie-chatellier.fr\/#website","url":"https:\/\/www.bouchie-chatellier.fr\/","name":"BOUCHI\u00c9-CHATELLIER","description":"","publisher":{"@id":"https:\/\/www.bouchie-chatellier.fr\/#organization"},"potentialAction":[{"@type":"SearchAction","target":{"@type":"EntryPoint","urlTemplate":"https:\/\/www.bouchie-chatellier.fr\/?s={search_term_string}"},"query-input":{"@type":"PropertyValueSpecification","valueRequired":true,"valueName":"search_term_string"}}],"inLanguage":"en-GB"},{"@type":"Organization","@id":"https:\/\/www.bouchie-chatellier.fr\/#organization","name":"BOUCHI\u00c9-CHATELLIER","url":"https:\/\/www.bouchie-chatellier.fr\/","logo":{"@type":"ImageObject","inLanguage":"en-GB","@id":"https:\/\/www.bouchie-chatellier.fr\/#\/schema\/logo\/image\/","url":"https:\/\/www.bouchie-chatellier.fr\/wp-content\/uploads\/2025\/07\/LOGO-BOUCHIE-CHATELLIER.png","contentUrl":"https:\/\/www.bouchie-chatellier.fr\/wp-content\/uploads\/2025\/07\/LOGO-BOUCHIE-CHATELLIER.png","width":469,"height":59,"caption":"BOUCHI\u00c9-CHATELLIER"},"image":{"@id":"https:\/\/www.bouchie-chatellier.fr\/#\/schema\/logo\/image\/"}}]}},"_links":{"self":[{"href":"https:\/\/www.bouchie-chatellier.fr\/en\/wp-json\/wp\/v2\/pages\/29","targetHints":{"allow":["GET"]}}],"collection":[{"href":"https:\/\/www.bouchie-chatellier.fr\/en\/wp-json\/wp\/v2\/pages"}],"about":[{"href":"https:\/\/www.bouchie-chatellier.fr\/en\/wp-json\/wp\/v2\/types\/page"}],"author":[{"embeddable":true,"href":"https:\/\/www.bouchie-chatellier.fr\/en\/wp-json\/wp\/v2\/users\/1"}],"replies":[{"embeddable":true,"href":"https:\/\/www.bouchie-chatellier.fr\/en\/wp-json\/wp\/v2\/comments?post=29"}],"version-history":[{"count":36,"href":"https:\/\/www.bouchie-chatellier.fr\/en\/wp-json\/wp\/v2\/pages\/29\/revisions"}],"predecessor-version":[{"id":1663,"href":"https:\/\/www.bouchie-chatellier.fr\/en\/wp-json\/wp\/v2\/pages\/29\/revisions\/1663"}],"wp:attachment":[{"href":"https:\/\/www.bouchie-chatellier.fr\/en\/wp-json\/wp\/v2\/media?parent=29"}],"curies":[{"name":"wp","href":"https:\/\/api.w.org\/{rel}","templated":true}]}}