{"id":9,"date":"2025-07-25T15:24:16","date_gmt":"2025-07-25T13:24:16","guid":{"rendered":"https:\/\/bc.hirello.fr\/?page_id=9"},"modified":"2026-04-23T08:32:43","modified_gmt":"2026-04-23T06:32:43","slug":"accueil","status":"publish","type":"page","link":"https:\/\/www.bouchie-chatellier.fr\/en\/","title":{"rendered":"ACCUEIL"},"content":{"rendered":"<div data-elementor-type=\"wp-page\" data-elementor-id=\"9\" class=\"elementor elementor-9\" data-elementor-post-type=\"page\">\n\t\t\t\t<div class=\"elementor-element elementor-element-09b1f9c e-con-full e-flex e-con e-parent\" data-id=\"09b1f9c\" data-element_type=\"container\" data-settings=\"{&quot;jet_parallax_layout_list&quot;:[],&quot;background_background&quot;:&quot;classic&quot;}\">\n\t\t\t\t<div class=\"elementor-element elementor-element-6acd4b7 elementor-widget elementor-widget-image\" data-id=\"6acd4b7\" data-element_type=\"widget\" data-widget_type=\"image.default\">\n\t\t\t\t\t\t\t\t\t\t\t\t\t\t\t<img fetchpriority=\"high\" decoding=\"async\" width=\"2560\" height=\"1703\" src=\"https:\/\/www.bouchie-chatellier.fr\/wp-content\/uploads\/2026\/04\/bouchie-chatellier-1-scaled.jpg\" class=\"attachment-full size-full wp-image-1587\" alt=\"\" srcset=\"https:\/\/www.bouchie-chatellier.fr\/wp-content\/uploads\/2026\/04\/bouchie-chatellier-1-scaled.jpg 2560w, https:\/\/www.bouchie-chatellier.fr\/wp-content\/uploads\/2026\/04\/bouchie-chatellier-1-300x200.jpg 300w, https:\/\/www.bouchie-chatellier.fr\/wp-content\/uploads\/2026\/04\/bouchie-chatellier-1-1024x681.jpg 1024w, https:\/\/www.bouchie-chatellier.fr\/wp-content\/uploads\/2026\/04\/bouchie-chatellier-1-768x511.jpg 768w, https:\/\/www.bouchie-chatellier.fr\/wp-content\/uploads\/2026\/04\/bouchie-chatellier-1-1536x1022.jpg 1536w, https:\/\/www.bouchie-chatellier.fr\/wp-content\/uploads\/2026\/04\/bouchie-chatellier-1-2048x1362.jpg 2048w\" sizes=\"(max-width: 2560px) 100vw, 2560px\" \/>\t\t\t\t\t\t\t\t\t\t\t\t\t\t\t<\/div>\n\t\t\t\t<\/div>\n\t\t<div class=\"elementor-element elementor-element-baae01f e-flex e-con-boxed e-con e-parent\" data-id=\"baae01f\" data-element_type=\"container\" data-settings=\"{&quot;jet_parallax_layout_list&quot;:[],&quot;background_background&quot;:&quot;classic&quot;}\">\n\t\t\t\t\t<div class=\"e-con-inner\">\n\t\t\t\t<div class=\"elementor-element elementor-element-267b1fd elementor-widget elementor-widget-heading\" data-id=\"267b1fd\" data-element_type=\"widget\" data-widget_type=\"heading.default\">\n\t\t\t\t\t<h1 class=\"elementor-heading-title elementor-size-default\">- Le domaine Bouchi\u00e9-Chatellier -<\/h1>\t\t\t\t<\/div>\n\t\t\t\t<div class=\"elementor-element elementor-element-ede96c6 elementor-widget elementor-widget-image\" data-id=\"ede96c6\" data-element_type=\"widget\" data-widget_type=\"image.default\">\n\t\t\t\t\t\t\t\t\t\t\t\t\t\t\t<img decoding=\"async\" width=\"749\" height=\"243\" src=\"https:\/\/www.bouchie-chatellier.fr\/wp-content\/uploads\/2026\/04\/BOUCHIE-CHATELLIER-LA-RENARDIERE.png\" class=\"attachment-full size-full wp-image-107\" alt=\"BOUCHI\u00c9-CHATELLIER - LA RENARDI\u00c8RE - producteur de vins\" srcset=\"https:\/\/www.bouchie-chatellier.fr\/wp-content\/uploads\/2026\/04\/BOUCHIE-CHATELLIER-LA-RENARDIERE.png 749w, https:\/\/www.bouchie-chatellier.fr\/wp-content\/uploads\/2026\/04\/BOUCHIE-CHATELLIER-LA-RENARDIERE-300x97.png 300w\" sizes=\"(max-width: 749px) 100vw, 749px\" \/>\t\t\t\t\t\t\t\t\t\t\t\t\t\t\t<\/div>\n\t\t\t\t<div class=\"elementor-element elementor-element-323deb5 elementor-widget-divider--view-line elementor-widget elementor-widget-divider\" data-id=\"323deb5\" data-element_type=\"widget\" data-widget_type=\"divider.default\">\n\t\t\t\t\t\t\t<div class=\"elementor-divider\">\n\t\t\t<span class=\"elementor-divider-separator\">\n\t\t\t\t\t\t<\/span>\n\t\t<\/div>\n\t\t\t\t\t\t<\/div>\n\t\t\t\t<div class=\"elementor-element elementor-element-314056c elementor-widget elementor-widget-text-editor\" data-id=\"314056c\" data-element_type=\"widget\" data-widget_type=\"text-editor.default\">\n\t\t\t\t\t\t\t\t\t<p>A PROFESSIONAL FAMILY LIVING ON THE ESTATE.<\/p><p>A POUILLY-FUM\u00c9 SERVED AT THE WORLD'S FINEST MICHELIN-STARRED TABLES.<\/p>\t\t\t\t\t\t\t\t<\/div>\n\t\t\t\t\t<\/div>\n\t\t\t\t<\/div>\n\t\t<div class=\"elementor-element elementor-element-b1c270e e-con-full e-flex e-con e-parent\" data-id=\"b1c270e\" data-element_type=\"container\" data-settings=\"{&quot;jet_parallax_layout_list&quot;:[]}\">\n\t\t<div class=\"elementor-element elementor-element-16baf79 e-con-full e-flex e-con e-child\" data-id=\"16baf79\" data-element_type=\"container\" data-settings=\"{&quot;background_background&quot;:&quot;classic&quot;,&quot;jet_parallax_layout_list&quot;:[]}\">\n\t\t\t\t<\/div>\n\t\t<div class=\"elementor-element elementor-element-a7bc86b e-con-full e-flex e-con e-child\" data-id=\"a7bc86b\" data-element_type=\"container\" data-settings=\"{&quot;background_background&quot;:&quot;classic&quot;,&quot;jet_parallax_layout_list&quot;:[]}\">\n\t\t\t\t<div class=\"elementor-element elementor-element-842178e elementor-widget elementor-widget-image\" data-id=\"842178e\" data-element_type=\"widget\" data-widget_type=\"image.default\">\n\t\t\t\t\t\t\t\t\t\t\t\t\t\t\t<img decoding=\"async\" width=\"300\" height=\"600\" src=\"https:\/\/www.bouchie-chatellier.fr\/wp-content\/uploads\/2026\/04\/pouilly-fume.png\" class=\"attachment-full size-full wp-image-147\" alt=\"Bouteille Pouilly-Fum\u00e9 La Renardi\u00e8re, Domaine Bouchi\u00e9-Chatellier\" srcset=\"https:\/\/www.bouchie-chatellier.fr\/wp-content\/uploads\/2026\/04\/pouilly-fume.png 300w, https:\/\/www.bouchie-chatellier.fr\/wp-content\/uploads\/2026\/04\/pouilly-fume-150x300.png 150w\" sizes=\"(max-width: 300px) 100vw, 300px\" \/>\t\t\t\t\t\t\t\t\t\t\t\t\t\t\t<\/div>\n\t\t\t\t<\/div>\n\t\t<div class=\"elementor-element elementor-element-ad61445 e-con-full e-flex e-con e-child\" data-id=\"ad61445\" data-element_type=\"container\" data-settings=\"{&quot;background_background&quot;:&quot;classic&quot;,&quot;jet_parallax_layout_list&quot;:[]}\">\n\t\t\t\t<\/div>\n\t\t\t\t<\/div>\n\t\t<div class=\"elementor-element elementor-element-ae6be88 e-flex e-con-boxed e-con e-parent\" data-id=\"ae6be88\" data-element_type=\"container\" data-settings=\"{&quot;jet_parallax_layout_list&quot;:[],&quot;background_background&quot;:&quot;classic&quot;}\">\n\t\t\t\t\t<div class=\"e-con-inner\">\n\t\t\t\t<div class=\"elementor-element elementor-element-d9498e3 elementor-widget elementor-widget-heading\" data-id=\"d9498e3\" data-element_type=\"widget\" data-widget_type=\"heading.default\">\n\t\t\t\t\t<h2 class=\"elementor-heading-title elementor-size-default\">.  Our Cellar .<\/h2>\t\t\t\t<\/div>\n\t\t\t\t<div class=\"elementor-element elementor-element-3d7f529 elementor-widget-divider--view-line elementor-widget elementor-widget-divider\" data-id=\"3d7f529\" data-element_type=\"widget\" data-widget_type=\"divider.default\">\n\t\t\t\t\t\t\t<div class=\"elementor-divider\">\n\t\t\t<span class=\"elementor-divider-separator\">\n\t\t\t\t\t\t<\/span>\n\t\t<\/div>\n\t\t\t\t\t\t<\/div>\n\t\t<div class=\"elementor-element elementor-element-e9b473e e-con-full e-flex e-con e-child\" data-id=\"e9b473e\" data-element_type=\"container\" data-settings=\"{&quot;jet_parallax_layout_list&quot;:[]}\">\n\t\t\t\t<div class=\"elementor-element elementor-element-88c4ddc elementor-widget elementor-widget-text-editor\" data-id=\"88c4ddc\" data-element_type=\"widget\" data-widget_type=\"text-editor.default\">\n\t\t\t\t\t\t\t\t\t<p>A temperature-controlled underground cellar<br \/>has been built next to the historic cellar beneath the house.<\/p>\t\t\t\t\t\t\t\t<\/div>\n\t\t\t\t<div class=\"elementor-element elementor-element-09ee4c4 elementor-widget elementor-widget-text-editor\" data-id=\"09ee4c4\" data-element_type=\"widget\" data-widget_type=\"text-editor.default\">\n\t\t\t\t\t\t\t\t\tVinification and bottling are carried out by gravity,<br> allowing for a gentle, natural process.\t\t\t\t\t\t\t\t<\/div>\n\t\t\t\t<\/div>\n\t\t\t\t\t<\/div>\n\t\t\t\t<\/div>\n\t\t<div class=\"elementor-element elementor-element-1215757 e-con-full e-flex e-con e-parent\" data-id=\"1215757\" data-element_type=\"container\" data-settings=\"{&quot;jet_parallax_layout_list&quot;:[],&quot;background_background&quot;:&quot;classic&quot;}\">\n\t\t\t\t<div class=\"elementor-element elementor-element-850dc34 elementor-widget elementor-widget-image\" data-id=\"850dc34\" data-element_type=\"widget\" data-widget_type=\"image.default\">\n\t\t\t\t\t\t\t\t\t\t\t\t\t\t\t<img loading=\"lazy\" decoding=\"async\" width=\"1768\" height=\"1181\" src=\"https:\/\/www.bouchie-chatellier.fr\/wp-content\/uploads\/2026\/04\/bouchie-chatellier-full-hd.png\" class=\"attachment-full size-full wp-image-171\" alt=\"Cave enterr\u00e9e climatis\u00e9e du Domaine Bouchi\u00e9-Chatellier, vinification par gravit\u00e9\" srcset=\"https:\/\/www.bouchie-chatellier.fr\/wp-content\/uploads\/2026\/04\/bouchie-chatellier-full-hd.png 1768w, https:\/\/www.bouchie-chatellier.fr\/wp-content\/uploads\/2026\/04\/bouchie-chatellier-full-hd-300x200.png 300w, https:\/\/www.bouchie-chatellier.fr\/wp-content\/uploads\/2026\/04\/bouchie-chatellier-full-hd-1024x684.png 1024w, https:\/\/www.bouchie-chatellier.fr\/wp-content\/uploads\/2026\/04\/bouchie-chatellier-full-hd-768x513.png 768w, https:\/\/www.bouchie-chatellier.fr\/wp-content\/uploads\/2026\/04\/bouchie-chatellier-full-hd-1536x1026.png 1536w\" sizes=\"(max-width: 1768px) 100vw, 1768px\" \/>\t\t\t\t\t\t\t\t\t\t\t\t\t\t\t<\/div>\n\t\t\t\t<\/div>\n\t\t<div class=\"elementor-element elementor-element-e86df69 e-flex e-con-boxed e-con e-parent\" data-id=\"e86df69\" data-element_type=\"container\" data-settings=\"{&quot;jet_parallax_layout_list&quot;:[],&quot;background_background&quot;:&quot;classic&quot;}\">\n\t\t\t\t\t<div class=\"e-con-inner\">\n\t\t\t\t<div class=\"elementor-element elementor-element-7245638 elementor-widget elementor-widget-heading\" data-id=\"7245638\" data-element_type=\"widget\" data-widget_type=\"heading.default\">\n\t\t\t\t\t<h2 class=\"elementor-heading-title elementor-size-default\">. Winemaking &amp; Cuv\u00e9es .<\/h2>\t\t\t\t<\/div>\n\t\t\t\t<div class=\"elementor-element elementor-element-d9d7fa6 elementor-widget-divider--view-line elementor-widget elementor-widget-divider\" data-id=\"d9d7fa6\" data-element_type=\"widget\" data-widget_type=\"divider.default\">\n\t\t\t\t\t\t\t<div class=\"elementor-divider\">\n\t\t\t<span class=\"elementor-divider-separator\">\n\t\t\t\t\t\t<\/span>\n\t\t<\/div>\n\t\t\t\t\t\t<\/div>\n\t\t<div class=\"elementor-element elementor-element-30b8bfe e-con-full e-flex e-con e-child\" data-id=\"30b8bfe\" data-element_type=\"container\" data-settings=\"{&quot;jet_parallax_layout_list&quot;:[]}\">\n\t\t\t\t<div class=\"elementor-element elementor-element-8403100 elementor-widget elementor-widget-text-editor\" data-id=\"8403100\" data-element_type=\"widget\" data-widget_type=\"text-editor.default\">\n\t\t\t\t\t\t\t\t\t<p>Harvest date: determined based on careful grape analysis<\/p>\n\n<p>to define the optimum picking window.\n<\/p><br>\nManual sorting of the grapes :\n<ul>\n \t<li>\u2013 in the vineyard<\/li>\n \t<li>\u2013 at the press loading stage.<\/li>\n<\/ul><br>\n<p>A combination of tradition and modern techniques allows for a wide range of cuv\u00e9es.<\/p><br>\n<p>The dedicated bottling facility and laboratory ensure compliance with the quality<\/p>\n<br>\n<p>standards required in different markets.<\/p>\t\t\t\t\t\t\t\t<\/div>\n\t\t\t\t<\/div>\n\t\t\t\t\t<\/div>\n\t\t\t\t<\/div>\n\t\t<div class=\"elementor-element elementor-element-5c36e4d e-con-full e-flex e-con e-parent\" data-id=\"5c36e4d\" data-element_type=\"container\" data-settings=\"{&quot;jet_parallax_layout_list&quot;:[],&quot;background_background&quot;:&quot;classic&quot;}\">\n\t\t\t\t<div class=\"elementor-element elementor-element-37091e5 elementor-widget elementor-widget-image\" data-id=\"37091e5\" data-element_type=\"widget\" data-widget_type=\"image.default\">\n\t\t\t\t\t\t\t\t\t\t\t\t\t\t\t<img loading=\"lazy\" decoding=\"async\" width=\"1770\" height=\"1182\" src=\"https:\/\/www.bouchie-chatellier.fr\/wp-content\/uploads\/2026\/04\/bouchie-chatellier-full-hd-2.png\" class=\"attachment-full size-full wp-image-178\" alt=\"Domaine Bouchi\u00e9-Chatellier, vignerons depuis 4 g\u00e9n\u00e9rations \u00e0 Saint-Andelain\" srcset=\"https:\/\/www.bouchie-chatellier.fr\/wp-content\/uploads\/2026\/04\/bouchie-chatellier-full-hd-2.png 1770w, https:\/\/www.bouchie-chatellier.fr\/wp-content\/uploads\/2026\/04\/bouchie-chatellier-full-hd-2-300x200.png 300w, https:\/\/www.bouchie-chatellier.fr\/wp-content\/uploads\/2026\/04\/bouchie-chatellier-full-hd-2-1024x684.png 1024w, https:\/\/www.bouchie-chatellier.fr\/wp-content\/uploads\/2026\/04\/bouchie-chatellier-full-hd-2-768x513.png 768w, https:\/\/www.bouchie-chatellier.fr\/wp-content\/uploads\/2026\/04\/bouchie-chatellier-full-hd-2-1536x1026.png 1536w\" sizes=\"(max-width: 1770px) 100vw, 1770px\" \/>\t\t\t\t\t\t\t\t\t\t\t\t\t\t\t<\/div>\n\t\t\t\t<\/div>\n\t\t<div class=\"elementor-element elementor-element-cc4a9ce e-con-full e-flex e-con e-parent\" data-id=\"cc4a9ce\" data-element_type=\"container\" data-settings=\"{&quot;jet_parallax_layout_list&quot;:[],&quot;background_background&quot;:&quot;classic&quot;}\">\n\t\t\t\t<div class=\"elementor-element elementor-element-2e5fa32 elementor-widget elementor-widget-video\" data-id=\"2e5fa32\" data-element_type=\"widget\" data-settings=\"{&quot;video_type&quot;:&quot;hosted&quot;,&quot;autoplay&quot;:&quot;yes&quot;,&quot;play_on_mobile&quot;:&quot;yes&quot;,&quot;mute&quot;:&quot;yes&quot;,&quot;loop&quot;:&quot;yes&quot;}\" data-widget_type=\"video.default\">\n\t\t\t\t\t\t\t<div class=\"e-hosted-video elementor-wrapper elementor-open-inline\">\n\t\t\t\t\t<video class=\"elementor-video\" src=\"https:\/\/www.bouchie-chatellier.fr\/wp-content\/uploads\/2026\/04\/Bouchie-Chatellier-4K.mp4\" autoplay=\"\" loop=\"\" muted=\"muted\" playsinline=\"\" controlslist=\"nodownload\" poster=\"https:\/\/www.bouchie-chatellier.fr\/wp-content\/uploads\/2026\/04\/DOMAINE-LA-RENARDIERE_DSC0227B.jpg\"><\/video>\n\t\t\t\t<\/div>\n\t\t\t\t\t\t<\/div>\n\t\t\t\t<\/div>\n\t\t\t\t<\/div>","protected":false},"excerpt":{"rendered":"<p>&#8211; Le domaine Bouchi\u00e9-Chatellier &#8211; UNE FAMILLE PROFESSIONNELLE QUI VIT DANS LE DOMAINE. UN POUILLY-FUM\u00c9 SERVI SUR LES PLUS BELLES TABLES \u00c9TOIL\u00c9ES DU MONDE. . Notre Cave . \u00c0 c\u00f4t\u00e9 de la vieille cave \u00e0 f\u00fbtssous la maison, une cave enterr\u00e9e et climatis\u00e9e a \u00e9t\u00e9 construite. La vinification et l&#8217;embouteillage se font par gravit\u00e9 d&rsquo;une [&hellip;]<\/p>\n","protected":false},"author":1,"featured_media":91,"parent":0,"menu_order":0,"comment_status":"closed","ping_status":"closed","template":"","meta":{"footnotes":""},"class_list":["post-9","page","type-page","status-publish","has-post-thumbnail","hentry"],"yoast_head":"<!-- This site is optimized with the Yoast SEO plugin v25.7 - https:\/\/yoast.com\/wordpress\/plugins\/seo\/ -->\n<title>Domaine Bouchi\u00e9-Chatellier | Pouilly-Fum\u00e9 d&#039;exception<\/title>\n<meta name=\"description\" content=\"Depuis 4 g\u00e9n\u00e9rations, le Domaine Bouchi\u00e9-Chatellier produit des Pouilly-Fum\u00e9 servis sur les plus belles tables \u00e9toil\u00e9es du monde. D\u00e9couvrez nos cuv\u00e9es \u00e0 Saint-Andelain, Loire.\" \/>\n<meta name=\"robots\" content=\"index, follow, max-snippet:-1, max-image-preview:large, max-video-preview:-1\" \/>\n<link rel=\"canonical\" href=\"https:\/\/www.bouchie-chatellier.fr\/en\/\" \/>\n<meta property=\"og:locale\" content=\"en_GB\" \/>\n<meta property=\"og:type\" content=\"article\" \/>\n<meta property=\"og:title\" content=\"Domaine Bouchi\u00e9-Chatellier | Pouilly-Fum\u00e9 d&#039;exception\" \/>\n<meta property=\"og:description\" content=\"Depuis 4 g\u00e9n\u00e9rations, le Domaine Bouchi\u00e9-Chatellier produit des Pouilly-Fum\u00e9 servis sur les plus belles tables \u00e9toil\u00e9es du monde. D\u00e9couvrez nos cuv\u00e9es \u00e0 Saint-Andelain, Loire.\" \/>\n<meta property=\"og:url\" content=\"https:\/\/www.bouchie-chatellier.fr\/en\/\" \/>\n<meta property=\"og:site_name\" content=\"BOUCHI\u00c9-CHATELLIER\" \/>\n<meta property=\"article:modified_time\" content=\"2026-04-23T06:32:43+00:00\" \/>\n<meta property=\"og:image\" content=\"https:\/\/www.bouchie-chatellier.fr\/wp-content\/uploads\/2026\/04\/DOMAINE-LA-RENARDIERE_DSC0227B.jpg\" \/>\n\t<meta property=\"og:image:width\" content=\"1300\" \/>\n\t<meta property=\"og:image:height\" content=\"865\" \/>\n\t<meta property=\"og:image:type\" content=\"image\/jpeg\" \/>\n<meta name=\"twitter:card\" content=\"summary_large_image\" \/>\n<meta name=\"twitter:label1\" content=\"Estimated reading time\" \/>\n\t<meta name=\"twitter:data1\" content=\"1 minute\" \/>\n<script type=\"application\/ld+json\" class=\"yoast-schema-graph\">{\"@context\":\"https:\/\/schema.org\",\"@graph\":[{\"@type\":\"WebPage\",\"@id\":\"https:\/\/www.bouchie-chatellier.fr\/\",\"url\":\"https:\/\/www.bouchie-chatellier.fr\/\",\"name\":\"Domaine Bouchi\u00e9-Chatellier | Pouilly-Fum\u00e9 d'exception\",\"isPartOf\":{\"@id\":\"https:\/\/www.bouchie-chatellier.fr\/#website\"},\"primaryImageOfPage\":{\"@id\":\"https:\/\/www.bouchie-chatellier.fr\/#primaryimage\"},\"image\":{\"@id\":\"https:\/\/www.bouchie-chatellier.fr\/#primaryimage\"},\"thumbnailUrl\":\"https:\/\/www.bouchie-chatellier.fr\/wp-content\/uploads\/2026\/04\/DOMAINE-LA-RENARDIERE_DSC0227B.jpg\",\"datePublished\":\"2025-07-25T13:24:16+00:00\",\"dateModified\":\"2026-04-23T06:32:43+00:00\",\"description\":\"Depuis 4 g\u00e9n\u00e9rations, le Domaine Bouchi\u00e9-Chatellier produit des Pouilly-Fum\u00e9 servis sur les plus belles tables \u00e9toil\u00e9es du monde. D\u00e9couvrez nos cuv\u00e9es \u00e0 Saint-Andelain, Loire.\",\"breadcrumb\":{\"@id\":\"https:\/\/www.bouchie-chatellier.fr\/#breadcrumb\"},\"inLanguage\":\"en-GB\",\"potentialAction\":[{\"@type\":\"ReadAction\",\"target\":[\"https:\/\/www.bouchie-chatellier.fr\/\"]}]},{\"@type\":\"ImageObject\",\"inLanguage\":\"en-GB\",\"@id\":\"https:\/\/www.bouchie-chatellier.fr\/#primaryimage\",\"url\":\"https:\/\/www.bouchie-chatellier.fr\/wp-content\/uploads\/2026\/04\/DOMAINE-LA-RENARDIERE_DSC0227B.jpg\",\"contentUrl\":\"https:\/\/www.bouchie-chatellier.fr\/wp-content\/uploads\/2026\/04\/DOMAINE-LA-RENARDIERE_DSC0227B.jpg\",\"width\":1300,\"height\":865,\"caption\":\"DOMAINE BOUCHIE CHATELLIER - POUILLY SUR LOIRE (58) - 2020 - PHOTOGRAPHE GIANNI VILLA - MENTION OBLIGATOIRE GIANNI VILLA\"},{\"@type\":\"BreadcrumbList\",\"@id\":\"https:\/\/www.bouchie-chatellier.fr\/#breadcrumb\",\"itemListElement\":[{\"@type\":\"ListItem\",\"position\":1,\"name\":\"Accueil\",\"item\":\"https:\/\/www.bouchie-chatellier.fr\/\"},{\"@type\":\"ListItem\",\"position\":2,\"name\":\"ACCUEIL\"}]},{\"@type\":\"WebSite\",\"@id\":\"https:\/\/www.bouchie-chatellier.fr\/#website\",\"url\":\"https:\/\/www.bouchie-chatellier.fr\/\",\"name\":\"BOUCHI\u00c9-CHATELLIER\",\"description\":\"\",\"publisher\":{\"@id\":\"https:\/\/www.bouchie-chatellier.fr\/#organization\"},\"potentialAction\":[{\"@type\":\"SearchAction\",\"target\":{\"@type\":\"EntryPoint\",\"urlTemplate\":\"https:\/\/www.bouchie-chatellier.fr\/?s={search_term_string}\"},\"query-input\":{\"@type\":\"PropertyValueSpecification\",\"valueRequired\":true,\"valueName\":\"search_term_string\"}}],\"inLanguage\":\"en-GB\"},{\"@type\":\"Organization\",\"@id\":\"https:\/\/www.bouchie-chatellier.fr\/#organization\",\"name\":\"BOUCHI\u00c9-CHATELLIER\",\"url\":\"https:\/\/www.bouchie-chatellier.fr\/\",\"logo\":{\"@type\":\"ImageObject\",\"inLanguage\":\"en-GB\",\"@id\":\"https:\/\/www.bouchie-chatellier.fr\/#\/schema\/logo\/image\/\",\"url\":\"https:\/\/www.bouchie-chatellier.fr\/wp-content\/uploads\/2025\/07\/LOGO-BOUCHIE-CHATELLIER.png\",\"contentUrl\":\"https:\/\/www.bouchie-chatellier.fr\/wp-content\/uploads\/2025\/07\/LOGO-BOUCHIE-CHATELLIER.png\",\"width\":469,\"height\":59,\"caption\":\"BOUCHI\u00c9-CHATELLIER\"},\"image\":{\"@id\":\"https:\/\/www.bouchie-chatellier.fr\/#\/schema\/logo\/image\/\"}}]}<\/script>\n<!-- \/ Yoast SEO plugin. -->","yoast_head_json":{"title":"Domaine Bouchi\u00e9-Chatellier | Pouilly-Fum\u00e9 d'exception","description":"Depuis 4 g\u00e9n\u00e9rations, le Domaine Bouchi\u00e9-Chatellier produit des Pouilly-Fum\u00e9 servis sur les plus belles tables \u00e9toil\u00e9es du monde. D\u00e9couvrez nos cuv\u00e9es \u00e0 Saint-Andelain, Loire.","robots":{"index":"index","follow":"follow","max-snippet":"max-snippet:-1","max-image-preview":"max-image-preview:large","max-video-preview":"max-video-preview:-1"},"canonical":"https:\/\/www.bouchie-chatellier.fr\/en\/","og_locale":"en_GB","og_type":"article","og_title":"Domaine Bouchi\u00e9-Chatellier | Pouilly-Fum\u00e9 d'exception","og_description":"Depuis 4 g\u00e9n\u00e9rations, le Domaine Bouchi\u00e9-Chatellier produit des Pouilly-Fum\u00e9 servis sur les plus belles tables \u00e9toil\u00e9es du monde. D\u00e9couvrez nos cuv\u00e9es \u00e0 Saint-Andelain, Loire.","og_url":"https:\/\/www.bouchie-chatellier.fr\/en\/","og_site_name":"BOUCHI\u00c9-CHATELLIER","article_modified_time":"2026-04-23T06:32:43+00:00","og_image":[{"width":1300,"height":865,"url":"https:\/\/www.bouchie-chatellier.fr\/wp-content\/uploads\/2026\/04\/DOMAINE-LA-RENARDIERE_DSC0227B.jpg","type":"image\/jpeg"}],"twitter_card":"summary_large_image","twitter_misc":{"Estimated reading time":"1 minute"},"schema":{"@context":"https:\/\/schema.org","@graph":[{"@type":"WebPage","@id":"https:\/\/www.bouchie-chatellier.fr\/","url":"https:\/\/www.bouchie-chatellier.fr\/","name":"Domaine Bouchi\u00e9-Chatellier | Pouilly-Fum\u00e9 d'exception","isPartOf":{"@id":"https:\/\/www.bouchie-chatellier.fr\/#website"},"primaryImageOfPage":{"@id":"https:\/\/www.bouchie-chatellier.fr\/#primaryimage"},"image":{"@id":"https:\/\/www.bouchie-chatellier.fr\/#primaryimage"},"thumbnailUrl":"https:\/\/www.bouchie-chatellier.fr\/wp-content\/uploads\/2026\/04\/DOMAINE-LA-RENARDIERE_DSC0227B.jpg","datePublished":"2025-07-25T13:24:16+00:00","dateModified":"2026-04-23T06:32:43+00:00","description":"Depuis 4 g\u00e9n\u00e9rations, le Domaine Bouchi\u00e9-Chatellier produit des Pouilly-Fum\u00e9 servis sur les plus belles tables \u00e9toil\u00e9es du monde. D\u00e9couvrez nos cuv\u00e9es \u00e0 Saint-Andelain, Loire.","breadcrumb":{"@id":"https:\/\/www.bouchie-chatellier.fr\/#breadcrumb"},"inLanguage":"en-GB","potentialAction":[{"@type":"ReadAction","target":["https:\/\/www.bouchie-chatellier.fr\/"]}]},{"@type":"ImageObject","inLanguage":"en-GB","@id":"https:\/\/www.bouchie-chatellier.fr\/#primaryimage","url":"https:\/\/www.bouchie-chatellier.fr\/wp-content\/uploads\/2026\/04\/DOMAINE-LA-RENARDIERE_DSC0227B.jpg","contentUrl":"https:\/\/www.bouchie-chatellier.fr\/wp-content\/uploads\/2026\/04\/DOMAINE-LA-RENARDIERE_DSC0227B.jpg","width":1300,"height":865,"caption":"DOMAINE BOUCHIE CHATELLIER - POUILLY SUR LOIRE (58) - 2020 - PHOTOGRAPHE GIANNI VILLA - MENTION OBLIGATOIRE GIANNI VILLA"},{"@type":"BreadcrumbList","@id":"https:\/\/www.bouchie-chatellier.fr\/#breadcrumb","itemListElement":[{"@type":"ListItem","position":1,"name":"Accueil","item":"https:\/\/www.bouchie-chatellier.fr\/"},{"@type":"ListItem","position":2,"name":"ACCUEIL"}]},{"@type":"WebSite","@id":"https:\/\/www.bouchie-chatellier.fr\/#website","url":"https:\/\/www.bouchie-chatellier.fr\/","name":"BOUCHI\u00c9-CHATELLIER","description":"","publisher":{"@id":"https:\/\/www.bouchie-chatellier.fr\/#organization"},"potentialAction":[{"@type":"SearchAction","target":{"@type":"EntryPoint","urlTemplate":"https:\/\/www.bouchie-chatellier.fr\/?s={search_term_string}"},"query-input":{"@type":"PropertyValueSpecification","valueRequired":true,"valueName":"search_term_string"}}],"inLanguage":"en-GB"},{"@type":"Organization","@id":"https:\/\/www.bouchie-chatellier.fr\/#organization","name":"BOUCHI\u00c9-CHATELLIER","url":"https:\/\/www.bouchie-chatellier.fr\/","logo":{"@type":"ImageObject","inLanguage":"en-GB","@id":"https:\/\/www.bouchie-chatellier.fr\/#\/schema\/logo\/image\/","url":"https:\/\/www.bouchie-chatellier.fr\/wp-content\/uploads\/2025\/07\/LOGO-BOUCHIE-CHATELLIER.png","contentUrl":"https:\/\/www.bouchie-chatellier.fr\/wp-content\/uploads\/2025\/07\/LOGO-BOUCHIE-CHATELLIER.png","width":469,"height":59,"caption":"BOUCHI\u00c9-CHATELLIER"},"image":{"@id":"https:\/\/www.bouchie-chatellier.fr\/#\/schema\/logo\/image\/"}}]}},"_links":{"self":[{"href":"https:\/\/www.bouchie-chatellier.fr\/en\/wp-json\/wp\/v2\/pages\/9","targetHints":{"allow":["GET"]}}],"collection":[{"href":"https:\/\/www.bouchie-chatellier.fr\/en\/wp-json\/wp\/v2\/pages"}],"about":[{"href":"https:\/\/www.bouchie-chatellier.fr\/en\/wp-json\/wp\/v2\/types\/page"}],"author":[{"embeddable":true,"href":"https:\/\/www.bouchie-chatellier.fr\/en\/wp-json\/wp\/v2\/users\/1"}],"replies":[{"embeddable":true,"href":"https:\/\/www.bouchie-chatellier.fr\/en\/wp-json\/wp\/v2\/comments?post=9"}],"version-history":[{"count":132,"href":"https:\/\/www.bouchie-chatellier.fr\/en\/wp-json\/wp\/v2\/pages\/9\/revisions"}],"predecessor-version":[{"id":1650,"href":"https:\/\/www.bouchie-chatellier.fr\/en\/wp-json\/wp\/v2\/pages\/9\/revisions\/1650"}],"wp:featuredmedia":[{"embeddable":true,"href":"https:\/\/www.bouchie-chatellier.fr\/en\/wp-json\/wp\/v2\/media\/91"}],"wp:attachment":[{"href":"https:\/\/www.bouchie-chatellier.fr\/en\/wp-json\/wp\/v2\/media?parent=9"}],"curies":[{"name":"wp","href":"https:\/\/api.w.org\/{rel}","templated":true}]}}